{"id":2259,"date":"2019-04-23T06:14:17","date_gmt":"2019-04-23T06:14:17","guid":{"rendered":"https:\/\/rendszergazda.doit.hu\/devops\/"},"modified":"2021-05-19T08:02:44","modified_gmt":"2021-05-19T08:02:44","slug":"devops","status":"publish","type":"page","link":"https:\/\/outernet.hu\/en\/devops\/","title":{"rendered":"DevOps"},"content":{"rendered":"\n<style type=\"text\/css\" data-created_by=\"avia_inline_auto\" id=\"style-css-av-juv01xyx-3a4b064d282b19f68c8cee060379145b\">\n.avia-section.av-juv01xyx-3a4b064d282b19f68c8cee060379145b{\nbackground-color:#cddbeb;\nbackground-repeat:no-repeat;\nbackground-image:url(https:\/\/outernet.hu\/wp-content\/uploads\/2019\/04\/rendszergazda_hd_no_bg.jpg);\nbackground-position:50% 50%;\nbackground-attachment:scroll;\n}\n<\/style>\n<div id='av_section_1'  class='avia-section av-juv01xyx-3a4b064d282b19f68c8cee060379145b main_color avia-section-no-padding avia-no-border-styling  avia-builder-el-0  el_before_av_section  avia-builder-el-first  av-medium-hide av-small-hide av-mini-hide avia-bg-style-scroll container_wrap sidebar_right'  data-section-bg-repeat='no-repeat'><div class='container av-section-cont-open' ><main  role=\"main\" itemprop=\"mainContentOfPage\"  class='template-page content  av-content-small alpha units'><div class='post-entry post-entry-type-page post-entry-2259'><div class='entry-content-wrapper clearfix'>\n<div class='flex_column_table av-4kciol-7ecd4475fd7d1a9cf173ecec79ba2b8a sc-av_one_half av-equal-height-column-flextable'>\n<style type=\"text\/css\" data-created_by=\"avia_inline_auto\" id=\"style-css-av-4kciol-7ecd4475fd7d1a9cf173ecec79ba2b8a\">\n.flex_column.av-4kciol-7ecd4475fd7d1a9cf173ecec79ba2b8a{\nborder-radius:0px 0px 0px 0px;\n-webkit-border-radius:0px 0px 0px 0px;\n-moz-border-radius:0px 0px 0px 0px;\npadding:20px 0px 20px 0px;\n}\n<\/style>\n<div class='flex_column av-4kciol-7ecd4475fd7d1a9cf173ecec79ba2b8a av_one_half  avia-builder-el-1  el_before_av_one_half  avia-builder-el-first  first flex_column_table_cell av-equal-height-column av-align-middle '   ><\/div><div class='av-flex-placeholder'><\/div>\n<style type=\"text\/css\" data-created_by=\"avia_inline_auto\" id=\"style-css-av-2ps1j9-b39617b28a5a58d929e1663f7de61024\">\n.flex_column.av-2ps1j9-b39617b28a5a58d929e1663f7de61024{\nborder-radius:0px 0px 0px 0px;\n-webkit-border-radius:0px 0px 0px 0px;\n-moz-border-radius:0px 0px 0px 0px;\npadding:50px 0px 35px 0px;\n}\n<\/style>\n<div class='flex_column av-2ps1j9-b39617b28a5a58d929e1663f7de61024 av_one_half  avia-builder-el-2  el_after_av_one_half  avia-builder-el-last  flex_column_table_cell av-equal-height-column av-align-middle '   ><style type=\"text\/css\" data-created_by=\"avia_inline_auto\" id=\"style-css-av-juv02uk5-439445acc6fc83869709f7d2bd969c45\">\n#top .av_textblock_section.av-juv02uk5-439445acc6fc83869709f7d2bd969c45 .avia_textblock{\nfont-size:15px;\ncolor:#ffffff;\n}\n<\/style>\n<section  class='av_textblock_section av-juv02uk5-439445acc6fc83869709f7d2bd969c45'  itemscope=\"itemscope\" itemtype=\"https:\/\/schema.org\/CreativeWork\" ><div class='avia_textblock av_inherit_color'  itemprop=\"text\" ><h3>DevOps tasks<\/h3>\n<p>If software development is in progress, and the developer community is using such methods as:<\/p>\n<\/div><\/section><\/div><\/div><!--close column table wrapper. Autoclose: 1 --><\/div><\/div><\/main><!-- close content main element --><\/div><\/div>\n<style type=\"text\/css\" data-created_by=\"avia_inline_auto\" id=\"style-css-av-juv09hcv-41d380779b2c0ef2d1b794a2189c5273\">\n.avia-section.av-juv09hcv-41d380779b2c0ef2d1b794a2189c5273{\nbackground-color:#1e3f6f;\n}\n<\/style>\n<div id='av_section_2'  class='avia-section av-juv09hcv-41d380779b2c0ef2d1b794a2189c5273 main_color avia-section-small avia-no-border-styling  avia-builder-el-4  el_after_av_section  el_before_av_section  av-desktop-hide avia-bg-style-scroll container_wrap sidebar_right'  ><div class='container av-section-cont-open' ><div class='template-page content  av-content-small alpha units'><div class='post-entry post-entry-type-page post-entry-2259'><div class='entry-content-wrapper clearfix'>\n\n<style type=\"text\/css\" data-created_by=\"avia_inline_auto\" id=\"style-css-av-1xsvth-fa2f76933f94cf7233a6d4d256fc2c77\">\n.flex_column.av-1xsvth-fa2f76933f94cf7233a6d4d256fc2c77{\nborder-radius:0px 0px 0px 0px;\n-webkit-border-radius:0px 0px 0px 0px;\n-moz-border-radius:0px 0px 0px 0px;\n}\n<\/style>\n<div class='flex_column av-1xsvth-fa2f76933f94cf7233a6d4d256fc2c77 av_one_full  avia-builder-el-5  avia-builder-el-no-sibling  first flex_column_div av-zero-column-padding '   ><style type=\"text\/css\" data-created_by=\"avia_inline_auto\" id=\"style-css-av-juv02uk5-439445acc6fc83869709f7d2bd969c45\">\n#top .av_textblock_section.av-juv02uk5-439445acc6fc83869709f7d2bd969c45 .avia_textblock{\nfont-size:15px;\ncolor:#ffffff;\n}\n<\/style>\n<section  class='av_textblock_section av-juv02uk5-439445acc6fc83869709f7d2bd969c45'  itemscope=\"itemscope\" itemtype=\"https:\/\/schema.org\/CreativeWork\" ><div class='avia_textblock av_inherit_color'  itemprop=\"text\" ><h3>DevOps tasks<\/h3>\n<p>If software development is in progress, and the developer community is using such methods as:<\/p>\n<\/div><\/section><\/div><\/div><\/div><\/div><!-- close content main div --><\/div><\/div><div id='av_section_3'  class='avia-section av-4dpbkp-c319fa99ac633b0f6164e4310878ef61 main_color avia-section-default avia-no-border-styling  avia-builder-el-7  el_after_av_section  avia-builder-el-last  avia-bg-style-scroll container_wrap sidebar_right'  ><div class='container av-section-cont-open' ><div class='template-page content  av-content-small alpha units'><div class='post-entry post-entry-type-page post-entry-2259'><div class='entry-content-wrapper clearfix'>\n\n<style type=\"text\/css\" data-created_by=\"avia_inline_auto\" id=\"style-css-av-2s2znd-c987ce789d8c734388afa8f1a8378a03\">\n.flex_column.av-2s2znd-c987ce789d8c734388afa8f1a8378a03{\nborder-radius:0px 0px 0px 0px;\n-webkit-border-radius:0px 0px 0px 0px;\n-moz-border-radius:0px 0px 0px 0px;\n}\n<\/style>\n<div class='flex_column av-2s2znd-c987ce789d8c734388afa8f1a8378a03 av_one_full  avia-builder-el-8  avia-builder-el-no-sibling  first flex_column_div av-zero-column-padding '   ><p>\n<style type=\"text\/css\" data-created_by=\"avia_inline_auto\" id=\"style-css-av-kov6e3yr-99f9072ec002288de5228e67f5971336\">\n#top .av-special-heading.av-kov6e3yr-99f9072ec002288de5228e67f5971336{\npadding-bottom:30px;\n}\nbody .av-special-heading.av-kov6e3yr-99f9072ec002288de5228e67f5971336 .av-special-heading-tag .heading-char{\nfont-size:25px;\n}\n.av-special-heading.av-kov6e3yr-99f9072ec002288de5228e67f5971336 .av-subheading{\nfont-size:15px;\n}\n<\/style>\n<div  class='av-special-heading av-kov6e3yr-99f9072ec002288de5228e67f5971336 av-special-heading-h1 blockquote modern-quote  avia-builder-el-9  el_before_av_textblock  avia-builder-el-first '><h1 class='av-special-heading-tag'  itemprop=\"headline\"  >Our services in DevOps organizations: <\/h1><div class=\"special-heading-border\"><div class=\"special-heading-inner-border\"><\/div><\/div><\/div><br \/>\n<section  class='av_textblock_section av-juv0vl0c-8884563440cbb7e7b2f6b751320a6b3a'  itemscope=\"itemscope\" itemtype=\"https:\/\/schema.org\/CreativeWork\" ><div class='avia_textblock'  itemprop=\"text\" ><div class=\"art-nostyle\">\n<div class=\"custom\">\n<div class=\"box0k\">\n<h2 class=\"box2k\">DevOps tasks<\/h2>\n<div class=\"box3k\">\n<p>If software development is in progress, and the developer community is using such methods as:<\/p>\n<\/div>\n<\/div>\n<\/div>\n<\/div>\n<div class=\"item-page\">\n<article class=\"art-post\">\n<div class=\"art-postcontent clearfix\">\n<div class=\"art-article\">\n<h3>Our services in DevOps organizations<\/h3>\n<p>docca\u2019s Linux professional team undertakes DevOps tasks, in case of free capacity. We can also help to design or make the processes smoother, and we can undertake the parts related to the infrastructure in daily life and operation. In the case of such services, we are in a strong cooperation with our clients, actually we become a part of the organization. It is economical to use our service if this task does not require 8 hours of supervision by a Linux specialist with senior DevOps competences in the long run, but our customer uses a 1-6 hours contingent from docca per day.<\/p>\n<p>If you are interested in our service, please contact us at \u00a0<a href=\"http:\/\/www.outernet.hu\/rendszergazda\/en\/contact\/\">https:\/\/rendszergazda.outernet.hu\/en\/contact<\/a> and we will call you back \u2013 or we can provide further information on this topic at the following number:\u00a0<a href=\"tel: +36704768157\">+36704768157<\/a><\/p>\n<h3>We have experiences with the following devices:<\/h3>\n<ul>\n<li>Jira<\/li>\n<li>RabbitMQ<\/li>\n<li>ActiveMQ<\/li>\n<li>Redis<\/li>\n<li>Docker, Kubernetes<\/li>\n<li>ElasticSearch<\/li>\n<li>Logstash<\/li>\n<li>Memcached<\/li>\n<li>Varnish<\/li>\n<li>Ansible<\/li>\n<li>Chef<\/li>\n<li>Puppet<\/li>\n<li>Git<\/li>\n<li>Jenkins<\/li>\n<li>Zabbix\/Nagios\/Munin\/Cacti\/stb.<\/li>\n<li>Apache\/Tomcat\/Nginx (+Squid)<\/li>\n<li>HaProxy<\/li>\n<li>MySQL\/MariaDB\/Percona (cluster is)<\/li>\n<li>MongoDB<\/li>\n<li>Postgresql<\/li>\n<li>fluentd<\/li>\n<li>Prometheus \u00e9s Grafana<\/li>\n<li>Redmine<\/li>\n<li>Kibana<\/li>\n<li>Nexus (npm + maven)<\/li>\n<\/ul>\n<\/div>\n<\/div>\n<\/article>\n<\/div>\n<\/div><\/section><\/p><\/div><\/div><\/div><\/div><!-- close content main div --><\/div><\/div><div id='after_section_3'  class='main_color av_default_container_wrap container_wrap sidebar_right'  ><div class='container av-section-cont-open' ><div class='template-page content  av-content-small alpha units'><div class='post-entry post-entry-type-page post-entry-2259'><div class='entry-content-wrapper clearfix'><\/p>\n","protected":false},"excerpt":{"rendered":"","protected":false},"author":1,"featured_media":0,"parent":0,"menu_order":0,"comment_status":"closed","ping_status":"closed","template":"","meta":{"footnotes":""},"yoast_head":"<!-- This site is optimized with the Yoast SEO plugin v22.4 - https:\/\/yoast.com\/wordpress\/plugins\/seo\/ -->\n<title>DevOps - Rendszergazda szolg\u00e1ltat\u00e1s<\/title>\n<meta name=\"description\" content=\"K\u00fcl\u00f6nb\u00f6z\u0151 szolg\u00e1ltat\u00e1sokat ny\u00fajtunk DevOps m\u0171k\u00f6d\u00e9s\u0171 szervezetek sz\u00e1m\u00e1ra: DOIT linuxos szakmai csoportja v\u00e1llal DevOps feladatokat.\" \/>\n<meta name=\"robots\" content=\"noindex, follow, max-snippet:-1, max-image-preview:large, max-video-preview:-1\" \/>\n<meta property=\"og:locale\" content=\"en_US\" \/>\n<meta property=\"og:type\" content=\"article\" \/>\n<meta property=\"og:title\" content=\"DevOps - Rendszergazda szolg\u00e1ltat\u00e1s\" \/>\n<meta property=\"og:description\" content=\"K\u00fcl\u00f6nb\u00f6z\u0151 szolg\u00e1ltat\u00e1sokat ny\u00fajtunk DevOps m\u0171k\u00f6d\u00e9s\u0171 szervezetek sz\u00e1m\u00e1ra: DOIT linuxos szakmai csoportja v\u00e1llal DevOps feladatokat.\" \/>\n<meta property=\"og:url\" content=\"https:\/\/docca.hu\/devops\/\" \/>\n<meta property=\"og:site_name\" content=\"Rendszergazda szolg\u00e1ltat\u00e1s\" \/>\n<meta property=\"article:publisher\" content=\"https:\/\/www.facebook.com\/DoccaOutSourceITKft\/\" \/>\n<meta property=\"article:modified_time\" content=\"2021-05-19T08:02:44+00:00\" \/>\n<meta name=\"twitter:card\" content=\"summary_large_image\" \/>\n<meta name=\"twitter:label1\" content=\"Est. reading time\" \/>\n\t<meta name=\"twitter:data1\" content=\"3 minutes\" \/>\n<script type=\"application\/ld+json\" class=\"yoast-schema-graph\">{\"@context\":\"https:\/\/schema.org\",\"@graph\":[{\"@type\":\"WebPage\",\"@id\":\"https:\/\/docca.hu\/devops\/\",\"url\":\"https:\/\/docca.hu\/devops\/\",\"name\":\"DevOps - Rendszergazda szolg\u00e1ltat\u00e1s\",\"isPartOf\":{\"@id\":\"https:\/\/rendszergazda.doit.hu\/#website\"},\"datePublished\":\"2019-04-23T06:14:17+00:00\",\"dateModified\":\"2021-05-19T08:02:44+00:00\",\"description\":\"K\u00fcl\u00f6nb\u00f6z\u0151 szolg\u00e1ltat\u00e1sokat ny\u00fajtunk DevOps m\u0171k\u00f6d\u00e9s\u0171 szervezetek sz\u00e1m\u00e1ra: DOIT linuxos szakmai csoportja v\u00e1llal DevOps feladatokat.\",\"breadcrumb\":{\"@id\":\"https:\/\/docca.hu\/devops\/#breadcrumb\"},\"inLanguage\":\"en-US\",\"potentialAction\":[{\"@type\":\"ReadAction\",\"target\":[\"https:\/\/docca.hu\/devops\/\"]}]},{\"@type\":\"BreadcrumbList\",\"@id\":\"https:\/\/docca.hu\/devops\/#breadcrumb\",\"itemListElement\":[{\"@type\":\"ListItem\",\"position\":1,\"name\":\"Home\",\"item\":\"https:\/\/docca.hu\/rolunk\/\"},{\"@type\":\"ListItem\",\"position\":2,\"name\":\"DevOps\"}]},{\"@type\":\"WebSite\",\"@id\":\"https:\/\/rendszergazda.doit.hu\/#website\",\"url\":\"https:\/\/rendszergazda.doit.hu\/\",\"name\":\"Rendszergazda szolg\u00e1ltat\u00e1s\",\"description\":\"\",\"publisher\":{\"@id\":\"https:\/\/rendszergazda.doit.hu\/#organization\"},\"potentialAction\":[{\"@type\":\"SearchAction\",\"target\":{\"@type\":\"EntryPoint\",\"urlTemplate\":\"https:\/\/rendszergazda.doit.hu\/?s={search_term_string}\"},\"query-input\":\"required name=search_term_string\"}],\"inLanguage\":\"en-US\"},{\"@type\":\"Organization\",\"@id\":\"https:\/\/rendszergazda.doit.hu\/#organization\",\"name\":\"Docca Outsource IT Kft.\",\"url\":\"https:\/\/rendszergazda.doit.hu\/\",\"logo\":{\"@type\":\"ImageObject\",\"inLanguage\":\"en-US\",\"@id\":\"https:\/\/rendszergazda.doit.hu\/#\/schema\/logo\/image\/\",\"url\":\"https:\/\/www.doit.hu\/rendszergazda\/wp-content\/uploads\/2019\/04\/logo.png\",\"contentUrl\":\"https:\/\/www.doit.hu\/rendszergazda\/wp-content\/uploads\/2019\/04\/logo.png\",\"width\":263,\"height\":82,\"caption\":\"Docca Outsource IT Kft.\"},\"image\":{\"@id\":\"https:\/\/rendszergazda.doit.hu\/#\/schema\/logo\/image\/\"},\"sameAs\":[\"https:\/\/www.facebook.com\/DoccaOutSourceITKft\/\"]}]}<\/script>\n<!-- \/ Yoast SEO plugin. -->","yoast_head_json":{"title":"DevOps - Rendszergazda szolg\u00e1ltat\u00e1s","description":"K\u00fcl\u00f6nb\u00f6z\u0151 szolg\u00e1ltat\u00e1sokat ny\u00fajtunk DevOps m\u0171k\u00f6d\u00e9s\u0171 szervezetek sz\u00e1m\u00e1ra: DOIT linuxos szakmai csoportja v\u00e1llal DevOps feladatokat.","robots":{"index":"noindex","follow":"follow","max-snippet":"max-snippet:-1","max-image-preview":"max-image-preview:large","max-video-preview":"max-video-preview:-1"},"og_locale":"en_US","og_type":"article","og_title":"DevOps - Rendszergazda szolg\u00e1ltat\u00e1s","og_description":"K\u00fcl\u00f6nb\u00f6z\u0151 szolg\u00e1ltat\u00e1sokat ny\u00fajtunk DevOps m\u0171k\u00f6d\u00e9s\u0171 szervezetek sz\u00e1m\u00e1ra: DOIT linuxos szakmai csoportja v\u00e1llal DevOps feladatokat.","og_url":"https:\/\/docca.hu\/devops\/","og_site_name":"Rendszergazda szolg\u00e1ltat\u00e1s","article_publisher":"https:\/\/www.facebook.com\/DoccaOutSourceITKft\/","article_modified_time":"2021-05-19T08:02:44+00:00","twitter_card":"summary_large_image","twitter_misc":{"Est. reading time":"3 minutes"},"schema":{"@context":"https:\/\/schema.org","@graph":[{"@type":"WebPage","@id":"https:\/\/docca.hu\/devops\/","url":"https:\/\/docca.hu\/devops\/","name":"DevOps - Rendszergazda szolg\u00e1ltat\u00e1s","isPartOf":{"@id":"https:\/\/rendszergazda.doit.hu\/#website"},"datePublished":"2019-04-23T06:14:17+00:00","dateModified":"2021-05-19T08:02:44+00:00","description":"K\u00fcl\u00f6nb\u00f6z\u0151 szolg\u00e1ltat\u00e1sokat ny\u00fajtunk DevOps m\u0171k\u00f6d\u00e9s\u0171 szervezetek sz\u00e1m\u00e1ra: DOIT linuxos szakmai csoportja v\u00e1llal DevOps feladatokat.","breadcrumb":{"@id":"https:\/\/docca.hu\/devops\/#breadcrumb"},"inLanguage":"en-US","potentialAction":[{"@type":"ReadAction","target":["https:\/\/docca.hu\/devops\/"]}]},{"@type":"BreadcrumbList","@id":"https:\/\/docca.hu\/devops\/#breadcrumb","itemListElement":[{"@type":"ListItem","position":1,"name":"Home","item":"https:\/\/docca.hu\/rolunk\/"},{"@type":"ListItem","position":2,"name":"DevOps"}]},{"@type":"WebSite","@id":"https:\/\/rendszergazda.doit.hu\/#website","url":"https:\/\/rendszergazda.doit.hu\/","name":"Rendszergazda szolg\u00e1ltat\u00e1s","description":"","publisher":{"@id":"https:\/\/rendszergazda.doit.hu\/#organization"},"potentialAction":[{"@type":"SearchAction","target":{"@type":"EntryPoint","urlTemplate":"https:\/\/rendszergazda.doit.hu\/?s={search_term_string}"},"query-input":"required name=search_term_string"}],"inLanguage":"en-US"},{"@type":"Organization","@id":"https:\/\/rendszergazda.doit.hu\/#organization","name":"Docca Outsource IT Kft.","url":"https:\/\/rendszergazda.doit.hu\/","logo":{"@type":"ImageObject","inLanguage":"en-US","@id":"https:\/\/rendszergazda.doit.hu\/#\/schema\/logo\/image\/","url":"https:\/\/www.doit.hu\/rendszergazda\/wp-content\/uploads\/2019\/04\/logo.png","contentUrl":"https:\/\/www.doit.hu\/rendszergazda\/wp-content\/uploads\/2019\/04\/logo.png","width":263,"height":82,"caption":"Docca Outsource IT Kft."},"image":{"@id":"https:\/\/rendszergazda.doit.hu\/#\/schema\/logo\/image\/"},"sameAs":["https:\/\/www.facebook.com\/DoccaOutSourceITKft\/"]}]}},"_links":{"self":[{"href":"https:\/\/outernet.hu\/en\/wp-json\/wp\/v2\/pages\/2259"}],"collection":[{"href":"https:\/\/outernet.hu\/en\/wp-json\/wp\/v2\/pages"}],"about":[{"href":"https:\/\/outernet.hu\/en\/wp-json\/wp\/v2\/types\/page"}],"author":[{"embeddable":true,"href":"https:\/\/outernet.hu\/en\/wp-json\/wp\/v2\/users\/1"}],"replies":[{"embeddable":true,"href":"https:\/\/outernet.hu\/en\/wp-json\/wp\/v2\/comments?post=2259"}],"version-history":[{"count":2,"href":"https:\/\/outernet.hu\/en\/wp-json\/wp\/v2\/pages\/2259\/revisions"}],"predecessor-version":[{"id":2277,"href":"https:\/\/outernet.hu\/en\/wp-json\/wp\/v2\/pages\/2259\/revisions\/2277"}],"wp:attachment":[{"href":"https:\/\/outernet.hu\/en\/wp-json\/wp\/v2\/media?parent=2259"}],"curies":[{"name":"wp","href":"https:\/\/api.w.org\/{rel}","templated":true}]}}