{"id":2262,"date":"2019-04-23T06:15:16","date_gmt":"2019-04-23T06:15:16","guid":{"rendered":"https:\/\/rendszergazda.doit.hu\/ajanlatkeres\/"},"modified":"2021-05-19T07:51:36","modified_gmt":"2021-05-19T07:51:36","slug":"contact","status":"publish","type":"page","link":"https:\/\/outernet.hu\/en\/contact\/","title":{"rendered":"Contact"},"content":{"rendered":"\n<style type=\"text\/css\" data-created_by=\"avia_inline_auto\" id=\"style-css-av-juv01xyx-a31d26c15f74a215d4fc1100c8ef0351\">\n.avia-section.av-juv01xyx-a31d26c15f74a215d4fc1100c8ef0351{\nbackground-color:#cddbeb;\nbackground-repeat:no-repeat;\nbackground-image:url(https:\/\/outernet.hu\/wp-content\/uploads\/2019\/04\/rendszergazda_hd_no_bg.jpg);\nbackground-position:50% 50%;\nbackground-attachment:scroll;\n}\n<\/style>\n<div id='av_section_1'  class='avia-section av-juv01xyx-a31d26c15f74a215d4fc1100c8ef0351 main_color avia-section-small avia-no-border-styling  avia-builder-el-0  el_before_av_section  avia-builder-el-first  av-medium-hide av-small-hide av-mini-hide avia-bg-style-scroll container_wrap sidebar_right'  data-section-bg-repeat='no-repeat'><div class='container av-section-cont-open' ><main  role=\"main\" itemprop=\"mainContentOfPage\"  class='template-page content  av-content-small alpha units'><div class='post-entry post-entry-type-page post-entry-2262'><div class='entry-content-wrapper clearfix'>\n<div class='flex_column_table av-4kciol-7ecd4475fd7d1a9cf173ecec79ba2b8a sc-av_one_half av-equal-height-column-flextable'>\n<style type=\"text\/css\" data-created_by=\"avia_inline_auto\" id=\"style-css-av-4kciol-7ecd4475fd7d1a9cf173ecec79ba2b8a\">\n.flex_column.av-4kciol-7ecd4475fd7d1a9cf173ecec79ba2b8a{\nborder-radius:0px 0px 0px 0px;\n-webkit-border-radius:0px 0px 0px 0px;\n-moz-border-radius:0px 0px 0px 0px;\npadding:20px 0px 20px 0px;\n}\n<\/style>\n<div class='flex_column av-4kciol-7ecd4475fd7d1a9cf173ecec79ba2b8a av_one_half  avia-builder-el-1  el_before_av_one_half  avia-builder-el-first  first flex_column_table_cell av-equal-height-column av-align-middle '   ><\/div><div class='av-flex-placeholder'><\/div>\n<style type=\"text\/css\" data-created_by=\"avia_inline_auto\" id=\"style-css-av-2ps1j9-b188816fadd1c4740fec7fb3d5749c75\">\n.flex_column.av-2ps1j9-b188816fadd1c4740fec7fb3d5749c75{\nborder-radius:0px 0px 0px 0px;\n-webkit-border-radius:0px 0px 0px 0px;\n-moz-border-radius:0px 0px 0px 0px;\npadding:30px 0px 25px 0px;\n}\n<\/style>\n<div class='flex_column av-2ps1j9-b188816fadd1c4740fec7fb3d5749c75 av_one_half  avia-builder-el-2  el_after_av_one_half  avia-builder-el-last  flex_column_table_cell av-equal-height-column av-align-middle '   ><style type=\"text\/css\" data-created_by=\"avia_inline_auto\" id=\"style-css-av-juv02uk5-439445acc6fc83869709f7d2bd969c45\">\n#top .av_textblock_section.av-juv02uk5-439445acc6fc83869709f7d2bd969c45 .avia_textblock{\nfont-size:15px;\ncolor:#ffffff;\n}\n<\/style>\n<section  class='av_textblock_section av-juv02uk5-439445acc6fc83869709f7d2bd969c45'  itemscope=\"itemscope\" itemtype=\"https:\/\/schema.org\/CreativeWork\" ><div class='avia_textblock av_inherit_color'  itemprop=\"text\" ><h2>If you have any questions, we are looking forward to your call and email!<\/h2>\n<\/div><\/section><\/div><\/div><!--close column table wrapper. Autoclose: 1 -->\n\n<\/div><\/div><\/main><!-- close content main element --><\/div><\/div>\n<style type=\"text\/css\" data-created_by=\"avia_inline_auto\" id=\"style-css-av-juv09hcv-41d380779b2c0ef2d1b794a2189c5273\">\n.avia-section.av-juv09hcv-41d380779b2c0ef2d1b794a2189c5273{\nbackground-color:#1e3f6f;\n}\n<\/style>\n<div id='av_section_2'  class='avia-section av-juv09hcv-41d380779b2c0ef2d1b794a2189c5273 main_color avia-section-small avia-no-border-styling  avia-builder-el-4  el_after_av_section  el_before_av_section  av-desktop-hide avia-bg-style-scroll container_wrap sidebar_right'  ><div class='container av-section-cont-open' ><div class='template-page content  av-content-small alpha units'><div class='post-entry post-entry-type-page post-entry-2262'><div class='entry-content-wrapper clearfix'>\n\n<style type=\"text\/css\" data-created_by=\"avia_inline_auto\" id=\"style-css-av-1xsvth-fa2f76933f94cf7233a6d4d256fc2c77\">\n.flex_column.av-1xsvth-fa2f76933f94cf7233a6d4d256fc2c77{\nborder-radius:0px 0px 0px 0px;\n-webkit-border-radius:0px 0px 0px 0px;\n-moz-border-radius:0px 0px 0px 0px;\n}\n<\/style>\n<div class='flex_column av-1xsvth-fa2f76933f94cf7233a6d4d256fc2c77 av_one_full  avia-builder-el-5  avia-builder-el-no-sibling  first flex_column_div av-zero-column-padding '   ><style type=\"text\/css\" data-created_by=\"avia_inline_auto\" id=\"style-css-av-juv02uk5-50133d2eabc27bffbcb3017bab228cc0\">\n#top .av_textblock_section.av-juv02uk5-50133d2eabc27bffbcb3017bab228cc0 .avia_textblock{\nfont-size:16px;\ncolor:#ffffff;\n}\n<\/style>\n<section  class='av_textblock_section av-juv02uk5-50133d2eabc27bffbcb3017bab228cc0'  itemscope=\"itemscope\" itemtype=\"https:\/\/schema.org\/CreativeWork\" ><div class='avia_textblock av_inherit_color'  itemprop=\"text\" ><h2 style=\"text-align: center;\">If you have any questions,<br \/>\nwe are looking forward to your call and email!<\/h2>\n<\/div><\/section><\/div>\n\n<\/div><\/div><\/div><!-- close content main div --><\/div><\/div><div id='av_section_3'  class='avia-section av-g0bmg1-9fda79a47df136f2214d14cf581eb0d2 main_color avia-section-no-padding avia-no-border-styling  avia-builder-el-7  el_after_av_section  el_before_av_slideshow_full  avia-bg-style-scroll container_wrap sidebar_right'  ><div class='container av-section-cont-open' ><div class='template-page content  av-content-small alpha units'><div class='post-entry post-entry-type-page post-entry-2262'><div class='entry-content-wrapper clearfix'>\n\n<style type=\"text\/css\" data-created_by=\"avia_inline_auto\" id=\"style-css-av-dzqgdd-a03fc4a30473dfc4452d08f6145e33e4\">\n.flex_column.av-dzqgdd-a03fc4a30473dfc4452d08f6145e33e4{\nborder-radius:0px 0px 0px 0px;\n-webkit-border-radius:0px 0px 0px 0px;\n-moz-border-radius:0px 0px 0px 0px;\n}\n<\/style>\n<div class='flex_column av-dzqgdd-a03fc4a30473dfc4452d08f6145e33e4 av_one_full  avia-builder-el-8  el_before_av_one_half  avia-builder-el-first  first flex_column_div av-zero-column-padding '   ><p>\n<style type=\"text\/css\" data-created_by=\"avia_inline_auto\" id=\"style-css-av-k9mjvwxi-1ab7895d8f8e3e442f43a5f42fc912a6\">\n#top .hr.hr-invisible.av-k9mjvwxi-1ab7895d8f8e3e442f43a5f42fc912a6{\nheight:30px;\n}\n<\/style>\n<div  class='hr av-k9mjvwxi-1ab7895d8f8e3e442f43a5f42fc912a6 hr-invisible  avia-builder-el-9  el_before_av_textblock  avia-builder-el-first '><span class='hr-inner '><span class=\"hr-inner-style\"><\/span><\/span><\/div><br \/>\n\n<style type=\"text\/css\" data-created_by=\"avia_inline_auto\" id=\"style-css-av-juwjug2j-e90c90d5ebc1c2822c986b141ee746b3\">\n#top .av_textblock_section.av-juwjug2j-e90c90d5ebc1c2822c986b141ee746b3 .avia_textblock{\nfont-size:16px;\n}\n<\/style>\n<section  class='av_textblock_section av-juwjug2j-e90c90d5ebc1c2822c986b141ee746b3'  itemscope=\"itemscope\" itemtype=\"https:\/\/schema.org\/CreativeWork\" ><div class='avia_textblock'  itemprop=\"text\" ><p style=\"text-align: center;\">You can easily and conveniently request a tender from us by filling up the form below. Our colleagues will contact you within 5-35 minutes in working hours (9AM-6PM) and answer your questions about our service.<\/p>\n<\/div><\/section><br \/>\n\n<style type=\"text\/css\" data-created_by=\"avia_inline_auto\" id=\"style-css-av-bv5w9d-32ca71661974e25ac6ea6dac1ef213f8\">\n#top .hr.av-bv5w9d-32ca71661974e25ac6ea6dac1ef213f8{\nmargin-top:10px;\nmargin-bottom:0px;\n}\n.hr.av-bv5w9d-32ca71661974e25ac6ea6dac1ef213f8 .hr-inner{\nwidth:100%;\n}\n<\/style>\n<div  class='hr av-bv5w9d-32ca71661974e25ac6ea6dac1ef213f8 hr-custom  avia-builder-el-11  el_after_av_textblock  avia-builder-el-last  hr-center hr-icon-no'><span class='hr-inner inner-border-av-border-thin'><span class=\"hr-inner-style\"><\/span><\/span><\/div><\/p><\/div>\n<style type=\"text\/css\" data-created_by=\"avia_inline_auto\" id=\"style-css-av-atksu9-b4155341551927124120ad199c998c8b\">\n.flex_column.av-atksu9-b4155341551927124120ad199c998c8b{\nborder-radius:0px 0px 0px 0px;\n-webkit-border-radius:0px 0px 0px 0px;\n-moz-border-radius:0px 0px 0px 0px;\n}\n<\/style>\n<div class='flex_column av-atksu9-b4155341551927124120ad199c998c8b av_one_half  avia-builder-el-12  el_after_av_one_full  el_before_av_one_half  first flex_column_div av-zero-column-padding column-top-margin'   ><p>\n<style type=\"text\/css\" data-created_by=\"avia_inline_auto\" id=\"style-css-av-av_heading-03de60d27e4a2140177a12f70af9acf3\">\n#top .av-special-heading.av-av_heading-03de60d27e4a2140177a12f70af9acf3{\npadding-bottom:20px;\n}\nbody .av-special-heading.av-av_heading-03de60d27e4a2140177a12f70af9acf3 .av-special-heading-tag .heading-char{\nfont-size:25px;\n}\n.av-special-heading.av-av_heading-03de60d27e4a2140177a12f70af9acf3 .av-subheading{\nfont-size:15px;\n}\n<\/style>\n<div  class='av-special-heading av-av_heading-03de60d27e4a2140177a12f70af9acf3 av-special-heading-h3 blockquote modern-quote  avia-builder-el-13  el_before_av_textblock  avia-builder-el-first '><h3 class='av-special-heading-tag'  itemprop=\"headline\"  >DOCCA OutSource IT Ltd. (Abbreviation: docca)<\/h3><div class=\"special-heading-border\"><div class=\"special-heading-inner-border\"><\/div><\/div><\/div><br \/>\n<section  class='av_textblock_section av-juwjv3t6-f46aee49026f621ff8df327f4fade931'  itemscope=\"itemscope\" itemtype=\"https:\/\/schema.org\/CreativeWork\" ><div class='avia_textblock'  itemprop=\"text\" ><p><strong>Phone: <a href=\"tel: +36704768157\">+36-70-4768157<\/a> or <a href=\"tel:+3612251232\">+36-1-2251232<\/a><\/strong><\/p>\n<p><strong>Email:\u00a0\u00a0<a href=\"mailto:rendszergazda-szolgaltatas2@outernet.hu\">rendszergazda-szolgaltatas2@outernet.hu<\/a><\/strong><\/p>\n<p><strong>Head office:<\/strong> 1124 Budapest, Apor Vilmos Square 25-26. <a title=\"Map\" href=\"https:\/\/goo.gl\/maps\/EtG9DNFtuPr\" target=\"_blank\" rel=\"noopener\">Map<\/a><\/p>\n<\/div><\/section><br \/>\n\n<style type=\"text\/css\" data-created_by=\"avia_inline_auto\" id=\"style-css-av-juwk5uf8-8811507032e3b834370fb9f2038e5266\">\n#top .hr.hr-invisible.av-juwk5uf8-8811507032e3b834370fb9f2038e5266{\nheight:20px;\n}\n<\/style>\n<div  class='hr av-juwk5uf8-8811507032e3b834370fb9f2038e5266 hr-invisible  avia-builder-el-15  el_after_av_textblock  el_before_av_textblock '><span class='hr-inner '><span class=\"hr-inner-style\"><\/span><\/span><\/div><br \/>\n<section  class='av_textblock_section av-juwk5hns-81a5ff1a2f688f960fc1edae05b685ba'  itemscope=\"itemscope\" itemtype=\"https:\/\/schema.org\/CreativeWork\" ><div class='avia_textblock'  itemprop=\"text\" ><p><strong>EU tax number: <\/strong>HU11962144<\/p>\n<p><strong>Tax number:<\/strong> 11962144-2-43 (NAV public debt-free taxpayer and NAV reliable taxpayer).<\/p>\n<p><strong>IT professional liability insurer:<\/strong> Colonnade (formerly: AIG)<\/p>\n<p><strong>Dun &amp; Bradstreet D-U-N-S\u00ae Bisnode No.:<\/strong>\u00a042-603-9355<\/p>\n<\/div><\/section><\/p><\/div>\n<style type=\"text\/css\" data-created_by=\"avia_inline_auto\" id=\"style-css-av-8pttjl-af41ad72ba338d40c7c5a1aea3c29fe1\">\n.flex_column.av-8pttjl-af41ad72ba338d40c7c5a1aea3c29fe1{\nborder-radius:0px 0px 0px 0px;\n-webkit-border-radius:0px 0px 0px 0px;\n-moz-border-radius:0px 0px 0px 0px;\n}\n<\/style>\n<div class='flex_column av-8pttjl-af41ad72ba338d40c7c5a1aea3c29fe1 av_one_half  avia-builder-el-17  el_after_av_one_half  avia-builder-el-last  flex_column_div av-zero-column-padding column-top-margin'   ><\/div><\/div><\/div><\/div><!-- close content main div --><\/div><\/div><div id='full_slider_1'  class='avia-fullwidth-slider main_color avia-shadow   avia-builder-el-19  el_after_av_section  avia-builder-el-last   slider-not-first container_wrap sidebar_right'  ><div   data-size='no scaling'  data-lightbox_size='large'  data-animation='slide'  data-conditional_play=''  data-ids='1932'  data-video_counter='0'  data-autoplay='false'  data-bg_slider='false'  data-slide_height=''  data-handle='av_slideshow_full'  data-interval='5'  data-class=' '  data-el_id=''  data-css_id=''  data-scroll_down=''  data-control_layout='av-control-default'  data-custom_markup=''  data-perma_caption=''  data-autoplay_stopper=''  data-image_attachment=''  data-min_height='0px'  data-lazy_loading='disabled'  data-src=''  data-position='top left'  data-repeat='no-repeat'  data-attach='scroll'  data-stretch=''  data-img_scrset=''  class='avia-slideshow avia-slideshow-1  av-control-default av-default-height-applied avia-slideshow-no scaling av_slideshow_full   avia-slide-slider '  itemprop=\"image\" itemscope=\"itemscope\" itemtype=\"https:\/\/schema.org\/ImageObject\" ><ul class='avia-slideshow-inner ' style='padding-bottom: 23.4375%;' ><li  class=' av-single-slide slide-1 ' ><a href=\"https:\/\/www.google.com\/maps\/place\/Budapest,+Apor+Vilmos+t%C3%A9r+25,+1124+Magyarorsz%C3%A1g\/@47.48904,19.019227,15.25z\/data=!4m5!3m4!1s0x4741dc29fe881f47:0x4bf302ddf62ed306!8m2!3d47.490198!4d19.015829\" target=\"_blank\" rel=\"noopener noreferrer\" data-rel='slideshow-1' class='avia-slide-wrap '><img decoding=\"async\" class=\"wp-image-2930 avia-img-lazy-loading-not-2930\"  src=\"https:\/\/outernet.hu\/wp-content\/uploads\/2020\/04\/terkep_uj.jpg\" width=\"1920\" height=\"450\" title='terkep_uj' alt='Aj\u00e1nlatk\u00e9r\u00e9s - rendszergazda szolg\u00e1ltat\u00e1s Budapest'  itemprop=\"thumbnailUrl\" srcset=\"https:\/\/outernet.hu\/wp-content\/uploads\/2020\/04\/terkep_uj.jpg 1920w, https:\/\/outernet.hu\/wp-content\/uploads\/2020\/04\/terkep_uj-300x70.jpg 300w, https:\/\/outernet.hu\/wp-content\/uploads\/2020\/04\/terkep_uj-1030x241.jpg 1030w, https:\/\/outernet.hu\/wp-content\/uploads\/2020\/04\/terkep_uj-768x180.jpg 768w, https:\/\/outernet.hu\/wp-content\/uploads\/2020\/04\/terkep_uj-1536x360.jpg 1536w, https:\/\/outernet.hu\/wp-content\/uploads\/2020\/04\/terkep_uj-1500x352.jpg 1500w, https:\/\/outernet.hu\/wp-content\/uploads\/2020\/04\/terkep_uj-705x165.jpg 705w, https:\/\/outernet.hu\/wp-content\/uploads\/2020\/04\/terkep_uj-450x105.jpg 450w\" sizes=\"(max-width: 1920px) 100vw, 1920px\" \/><\/a><\/li><\/ul><\/div><\/div><\/p>\n","protected":false},"excerpt":{"rendered":"","protected":false},"author":1,"featured_media":0,"parent":0,"menu_order":0,"comment_status":"closed","ping_status":"closed","template":"","meta":{"footnotes":""},"yoast_head":"<!-- This site is optimized with the Yoast SEO plugin v22.4 - https:\/\/yoast.com\/wordpress\/plugins\/seo\/ -->\n<title>Contact - Rendszergazda szolg\u00e1ltat\u00e1s<\/title>\n<meta name=\"description\" content=\"If you have any questions,we are looking forward to your call and email!\" \/>\n<meta name=\"robots\" content=\"noindex, follow, max-snippet:-1, max-image-preview:large, max-video-preview:-1\" \/>\n<meta property=\"og:locale\" content=\"en_US\" \/>\n<meta property=\"og:type\" content=\"article\" \/>\n<meta property=\"og:title\" content=\"Rendszergazda szolg\u00e1ltat\u00e1s\" \/>\n<meta property=\"og:description\" content=\"If you have any questions,we are looking forward to your call and email!\" \/>\n<meta property=\"og:url\" content=\"https:\/\/docca.hu\/ajanlatkeres\/\" \/>\n<meta property=\"og:site_name\" content=\"Rendszergazda szolg\u00e1ltat\u00e1s\" \/>\n<meta property=\"article:publisher\" content=\"https:\/\/www.facebook.com\/DoccaOutSourceITKft\/\" \/>\n<meta property=\"article:modified_time\" content=\"2021-05-19T07:51:36+00:00\" \/>\n<meta name=\"twitter:card\" content=\"summary_large_image\" \/>\n<meta name=\"twitter:label1\" content=\"Est. reading time\" \/>\n\t<meta name=\"twitter:data1\" content=\"3 minutes\" \/>\n<script type=\"application\/ld+json\" class=\"yoast-schema-graph\">{\"@context\":\"https:\/\/schema.org\",\"@graph\":[{\"@type\":\"WebPage\",\"@id\":\"https:\/\/docca.hu\/ajanlatkeres\/\",\"url\":\"https:\/\/docca.hu\/ajanlatkeres\/\",\"name\":\"Contact - Rendszergazda szolg\u00e1ltat\u00e1s\",\"isPartOf\":{\"@id\":\"https:\/\/rendszergazda.doit.hu\/#website\"},\"datePublished\":\"2019-04-23T06:15:16+00:00\",\"dateModified\":\"2021-05-19T07:51:36+00:00\",\"description\":\"If you have any questions,we are looking forward to your call and email!\",\"breadcrumb\":{\"@id\":\"https:\/\/docca.hu\/ajanlatkeres\/#breadcrumb\"},\"inLanguage\":\"en-US\",\"potentialAction\":[{\"@type\":\"ReadAction\",\"target\":[\"https:\/\/docca.hu\/ajanlatkeres\/\"]}]},{\"@type\":\"BreadcrumbList\",\"@id\":\"https:\/\/docca.hu\/ajanlatkeres\/#breadcrumb\",\"itemListElement\":[{\"@type\":\"ListItem\",\"position\":1,\"name\":\"Home\",\"item\":\"https:\/\/docca.hu\/rolunk\/\"},{\"@type\":\"ListItem\",\"position\":2,\"name\":\"Contact\"}]},{\"@type\":\"WebSite\",\"@id\":\"https:\/\/rendszergazda.doit.hu\/#website\",\"url\":\"https:\/\/rendszergazda.doit.hu\/\",\"name\":\"Rendszergazda szolg\u00e1ltat\u00e1s\",\"description\":\"\",\"publisher\":{\"@id\":\"https:\/\/rendszergazda.doit.hu\/#organization\"},\"potentialAction\":[{\"@type\":\"SearchAction\",\"target\":{\"@type\":\"EntryPoint\",\"urlTemplate\":\"https:\/\/rendszergazda.doit.hu\/?s={search_term_string}\"},\"query-input\":\"required name=search_term_string\"}],\"inLanguage\":\"en-US\"},{\"@type\":\"Organization\",\"@id\":\"https:\/\/rendszergazda.doit.hu\/#organization\",\"name\":\"Docca Outsource IT Kft.\",\"url\":\"https:\/\/rendszergazda.doit.hu\/\",\"logo\":{\"@type\":\"ImageObject\",\"inLanguage\":\"en-US\",\"@id\":\"https:\/\/rendszergazda.doit.hu\/#\/schema\/logo\/image\/\",\"url\":\"https:\/\/www.doit.hu\/rendszergazda\/wp-content\/uploads\/2019\/04\/logo.png\",\"contentUrl\":\"https:\/\/www.doit.hu\/rendszergazda\/wp-content\/uploads\/2019\/04\/logo.png\",\"width\":263,\"height\":82,\"caption\":\"Docca Outsource IT Kft.\"},\"image\":{\"@id\":\"https:\/\/rendszergazda.doit.hu\/#\/schema\/logo\/image\/\"},\"sameAs\":[\"https:\/\/www.facebook.com\/DoccaOutSourceITKft\/\"]}]}<\/script>\n<!-- \/ Yoast SEO plugin. -->","yoast_head_json":{"title":"Contact - Rendszergazda szolg\u00e1ltat\u00e1s","description":"If you have any questions,we are looking forward to your call and email!","robots":{"index":"noindex","follow":"follow","max-snippet":"max-snippet:-1","max-image-preview":"max-image-preview:large","max-video-preview":"max-video-preview:-1"},"og_locale":"en_US","og_type":"article","og_title":"Rendszergazda szolg\u00e1ltat\u00e1s","og_description":"If you have any questions,we are looking forward to your call and email!","og_url":"https:\/\/docca.hu\/ajanlatkeres\/","og_site_name":"Rendszergazda szolg\u00e1ltat\u00e1s","article_publisher":"https:\/\/www.facebook.com\/DoccaOutSourceITKft\/","article_modified_time":"2021-05-19T07:51:36+00:00","twitter_card":"summary_large_image","twitter_misc":{"Est. reading time":"3 minutes"},"schema":{"@context":"https:\/\/schema.org","@graph":[{"@type":"WebPage","@id":"https:\/\/docca.hu\/ajanlatkeres\/","url":"https:\/\/docca.hu\/ajanlatkeres\/","name":"Contact - Rendszergazda szolg\u00e1ltat\u00e1s","isPartOf":{"@id":"https:\/\/rendszergazda.doit.hu\/#website"},"datePublished":"2019-04-23T06:15:16+00:00","dateModified":"2021-05-19T07:51:36+00:00","description":"If you have any questions,we are looking forward to your call and email!","breadcrumb":{"@id":"https:\/\/docca.hu\/ajanlatkeres\/#breadcrumb"},"inLanguage":"en-US","potentialAction":[{"@type":"ReadAction","target":["https:\/\/docca.hu\/ajanlatkeres\/"]}]},{"@type":"BreadcrumbList","@id":"https:\/\/docca.hu\/ajanlatkeres\/#breadcrumb","itemListElement":[{"@type":"ListItem","position":1,"name":"Home","item":"https:\/\/docca.hu\/rolunk\/"},{"@type":"ListItem","position":2,"name":"Contact"}]},{"@type":"WebSite","@id":"https:\/\/rendszergazda.doit.hu\/#website","url":"https:\/\/rendszergazda.doit.hu\/","name":"Rendszergazda szolg\u00e1ltat\u00e1s","description":"","publisher":{"@id":"https:\/\/rendszergazda.doit.hu\/#organization"},"potentialAction":[{"@type":"SearchAction","target":{"@type":"EntryPoint","urlTemplate":"https:\/\/rendszergazda.doit.hu\/?s={search_term_string}"},"query-input":"required name=search_term_string"}],"inLanguage":"en-US"},{"@type":"Organization","@id":"https:\/\/rendszergazda.doit.hu\/#organization","name":"Docca Outsource IT Kft.","url":"https:\/\/rendszergazda.doit.hu\/","logo":{"@type":"ImageObject","inLanguage":"en-US","@id":"https:\/\/rendszergazda.doit.hu\/#\/schema\/logo\/image\/","url":"https:\/\/www.doit.hu\/rendszergazda\/wp-content\/uploads\/2019\/04\/logo.png","contentUrl":"https:\/\/www.doit.hu\/rendszergazda\/wp-content\/uploads\/2019\/04\/logo.png","width":263,"height":82,"caption":"Docca Outsource IT Kft."},"image":{"@id":"https:\/\/rendszergazda.doit.hu\/#\/schema\/logo\/image\/"},"sameAs":["https:\/\/www.facebook.com\/DoccaOutSourceITKft\/"]}]}},"_links":{"self":[{"href":"https:\/\/outernet.hu\/en\/wp-json\/wp\/v2\/pages\/2262"}],"collection":[{"href":"https:\/\/outernet.hu\/en\/wp-json\/wp\/v2\/pages"}],"about":[{"href":"https:\/\/outernet.hu\/en\/wp-json\/wp\/v2\/types\/page"}],"author":[{"embeddable":true,"href":"https:\/\/outernet.hu\/en\/wp-json\/wp\/v2\/users\/1"}],"replies":[{"embeddable":true,"href":"https:\/\/outernet.hu\/en\/wp-json\/wp\/v2\/comments?post=2262"}],"version-history":[{"count":4,"href":"https:\/\/outernet.hu\/en\/wp-json\/wp\/v2\/pages\/2262\/revisions"}],"predecessor-version":[{"id":2345,"href":"https:\/\/outernet.hu\/en\/wp-json\/wp\/v2\/pages\/2262\/revisions\/2345"}],"wp:attachment":[{"href":"https:\/\/outernet.hu\/en\/wp-json\/wp\/v2\/media?parent=2262"}],"curies":[{"name":"wp","href":"https:\/\/api.w.org\/{rel}","templated":true}]}}